{"id":2627,"date":"2016-12-01T08:25:49","date_gmt":"2016-12-01T08:25:49","guid":{"rendered":"http:\/\/www.palaciocongresoshuesca.es\/?page_id=2627"},"modified":"2023-02-23T10:31:33","modified_gmt":"2023-02-23T08:31:33","slug":"aviso-legal","status":"publish","type":"page","link":"https:\/\/www.palaciocongresoshuesca.es\/en\/aviso-legal\/","title":{"rendered":"Legal notice and privacy"},"content":{"rendered":"<p>[vc_row][vc_column][vc_column_text css=&#8221;.vc_custom_1499345710782{margin-bottom: 0px !important;padding-bottom: 0px !important;}&#8221;]<\/p>\n<h1>Legal notice and privacy<\/h1>\n<p><img loading=\"lazy\" decoding=\"async\" class=\"alignnone size-full wp-image-2356\" src=\"http:\/\/www.palaciocongresoshuesca.es\/wp-content\/uploads\/2016\/11\/separador-palacio-huesca-1.jpg\" alt=\"separador-palacio-huesca\" width=\"114\" height=\"17\" srcset=\"https:\/\/www.palaciocongresoshuesca.es\/wp-content\/uploads\/2016\/11\/separador-palacio-huesca-1.jpg 114w, https:\/\/www.palaciocongresoshuesca.es\/wp-content\/uploads\/2016\/11\/separador-palacio-huesca-1-50x7.jpg 50w\" sizes=\"auto, (max-width: 114px) 100vw, 114px\" \/>[\/vc_column_text][vc_column_text]<strong>I.- Objeto<\/strong><br \/>\nEste aviso legal regula el uso de todos los servicios que la p\u00e1gina web bajo e dominio www.palaciocongresoshuesca.es (propiedad de Palacio de Congresos Huesca S.A.U, con domicilio en Avda. de los Danzantes s\/n, 22005 de Huesca, y con C.I.F A-22338495) en adelante &#8220;el Palacio&#8221;, pone a disposici\u00f3n de los usuarios de Internet. Por la mera utilizaci\u00f3n de la Web el usuario expresa la plena aceptaci\u00f3n, sin reservas, del mismo, el cual podr\u00e1 ser modificadas por el Palacio en cualquier momento. Los usuarios se ven asimismo, sometidos a todas aquellas condiciones particulares, avisos o reglamentos de instrucciones que se pongan en su conocimiento en relaci\u00f3n con contenidos o servicios concretos, que completen lo previsto en este Aviso Legal en cuanto no se opongan a \u00e9l.<\/p>\n<p><strong>II.- Exclusi\u00f3n de responsabilidad por el funcionamiento de la Web y sus servicios<\/strong><br \/>\nEl Palacio no garantiza la disponibilidad y continuidad del funcionamiento de la Web, de sus servicios y sus contenidos; si fuera razonablemente posible, el Palacio avisar\u00e1 previamente de las interrupciones en el funcionamiento de los mismos. El Palacio no es responsable por los da\u00f1os o perjuicios de cualquier naturaleza que puedan deberse a la falta de disponibilidad o de continuidad de la Web o de cualquiera de sus servicios, o por los fallos en el acceso a las distintas p\u00e1ginas web de la Web o aquellas desde las que se prestan determinados servicios.<\/p>\n<p><strong>III.- Exclusi\u00f3n de responsabilidad sobre la informaci\u00f3n gr\u00e1fica disponible en la Web<\/strong><br \/>\nToda la documentaci\u00f3n gr\u00e1fica incluida en esta p\u00e1gina Web es meramente orientativa.<\/p>\n<p><strong>IV.- Utilizaci\u00f3n de la Web y los servicios por los usuarios<\/strong><br \/>\nEl usuario se compromete a hacer un uso l\u00edcito y conforme a la buena fe de la Web, sus servicios y contenidos siendo el usuario \u00fanico responsable del uso que pueda hacer de los mismos. Salvo que haya obtenido previa y expresa autorizaci\u00f3n espec\u00edficamente otorgada al efecto por parte del Palacio, el usuario se abstendr\u00e1 de obtener o intentar obtener cualquier tipo de contenidos, ya sean textos, gr\u00e1ficos, dibujos, archivos de sonido, im\u00e1genes o fotograf\u00edas, v\u00eddeos, software y en general cualquier clase de material accesible a trav\u00e9s de la Web o los servicios, empleando para ello medios distintos de los que se hayan puesto a su disposici\u00f3n a este efecto o de los que se empleen habitualmente a este efecto en Internet.<\/p>\n<p><strong>V.- Exclusi\u00f3n de responsabilidad de los contenidos de Terceros<\/strong><br \/>\nEl Palacio no es en ning\u00fan caso responsable, ni de forma directa ni subsidiaria, por ning\u00fan contenido, informaci\u00f3n, comunicaci\u00f3n, opini\u00f3n o manifestaci\u00f3n de cualquier tipo que tenga su origen en el usuario o cualquier tercera persona o entidad y que se comunique, difunda, transmita o exhiba a trav\u00e9s de los servicios de la Web.<\/p>\n<p><strong>VI.- Exclusi\u00f3n de responsabilidad por los contenidos y servicios prestados por Terceros<\/strong><br \/>\nLa Web pone a disposici\u00f3n de los usuarios dispositivos t\u00e9cnicos de enlaces, ya sean links, directorios o herramientas de b\u00fasqueda, los cuales permiten el acceso a p\u00e1ginas web o sites que son gestionados por terceros. El Palacio no ejerce ninguna titularidad sobre los mismos, y no comercializa ni ofrece los contenidos y servicios que contienen, por lo tanto no asume ninguna responsabilidad ni directa ni subsidiaria sobre dichas p\u00e1ginas web o sites.<\/p>\n<p><strong>VII.- Propiedad Intelectual e Industrial<\/strong><br \/>\nTodos los contenidos as\u00ed como nombres, logos, marcas y bases de datos accesibles en las p\u00e1ginas de la Web est\u00e1n sujetos a derechos de propiedad industrial e intelectual del Palacio o de terceros titulares de los mismos, en cuyo caso se hace expl\u00edcito en la Web. En ning\u00fan caso el acceso a las p\u00e1ginas de la Web implica ning\u00fan tipo de renuncia, transmisi\u00f3n o cesi\u00f3n total o parcial de los mencionados derechos, ni confiere ning\u00fan derecho de utilizaci\u00f3n, alteraci\u00f3n, explotaci\u00f3n, reproducci\u00f3n, distribuci\u00f3n o comunicaci\u00f3n p\u00fablica sobre los contenidos o bienes de propiedad industrial sin la previa y expresa autorizaci\u00f3n espec\u00edficamente otorgada a tal efecto por parte del Palacio o del tercero titular de los derechos, salvo los derechos de visualizar y de realizar copias para uso personal y exclusivo del usuario, los cuales deber\u00e1n ejercerse siempre conforme a los principios de la buena fe y la legislaci\u00f3n aplicable.<\/p>\n<p><strong>VIII.- Privacidad y Protecci\u00f3n de Datos<\/strong><br \/>\nLos datos del Formulario de Alta disponible en el sitio web del Palacio de Congresos de Huesca formar\u00e1n parte de un archivo confidencial y solamente podr\u00e1n ser utilizados para el env\u00edo a los suscriptores de informaci\u00f3n relacionada con el programa &#8220;Amigos del Palacio&#8221; o con las actividades relacionadas con el propio Palacio de Congresos de Huesca. Los suscriptores podr\u00e1n darse de baja en cualquier momento enviando un correo electr\u00f3nico con el asunto &#8220;SOLICITUD DE BAJA&#8221; a palaciodecongresos@huesca.es<\/p>\n<p><strong>IX.- Uso de cookies<\/strong><br \/>\nPara la utilizaci\u00f3n de nuestro sitio web no es necesaria la utilizaci\u00f3n de cookies. Si usted lo desea puede configurar su navegador para ser avisado en pantalla de la recepci\u00f3n de cookies y para impedir la instalaci\u00f3n de cookies en su disco duro. Por favor, consulte las instrucciones y manuales de su navegador para ampliar \u00e9sta informaci\u00f3n.<\/p>\n<p><strong>X.- Ley Aplicable<\/strong><br \/>\nEstas Condiciones Generales se rigen por la ley espa\u00f1ola.[\/vc_column_text][\/vc_column][\/vc_row]<\/p>","protected":false},"excerpt":{"rendered":"<p>[vc_row][vc_column][vc_column_text css=&#8221;.vc_custom_1499345710782{margin-bottom: 0px !important;padding-bottom: 0px !important;}&#8221;] Legal notice and privacy [\/vc_column_text][vc_column_text]I.- Objeto Este aviso legal regula el uso de todos los servicios que la p\u00e1gina web<span class=\"excerpt-hellip\"> [\u2026]<\/span><\/p>\n","protected":false},"author":1,"featured_media":0,"parent":0,"menu_order":0,"comment_status":"closed","ping_status":"closed","template":"","meta":{"footnotes":""},"class_list":["post-2627","page","type-page","status-publish","hentry"],"_links":{"self":[{"href":"https:\/\/www.palaciocongresoshuesca.es\/en\/wp-json\/wp\/v2\/pages\/2627","targetHints":{"allow":["GET"]}}],"collection":[{"href":"https:\/\/www.palaciocongresoshuesca.es\/en\/wp-json\/wp\/v2\/pages"}],"about":[{"href":"https:\/\/www.palaciocongresoshuesca.es\/en\/wp-json\/wp\/v2\/types\/page"}],"author":[{"embeddable":true,"href":"https:\/\/www.palaciocongresoshuesca.es\/en\/wp-json\/wp\/v2\/users\/1"}],"replies":[{"embeddable":true,"href":"https:\/\/www.palaciocongresoshuesca.es\/en\/wp-json\/wp\/v2\/comments?post=2627"}],"version-history":[{"count":5,"href":"https:\/\/www.palaciocongresoshuesca.es\/en\/wp-json\/wp\/v2\/pages\/2627\/revisions"}],"predecessor-version":[{"id":4809,"href":"https:\/\/www.palaciocongresoshuesca.es\/en\/wp-json\/wp\/v2\/pages\/2627\/revisions\/4809"}],"wp:attachment":[{"href":"https:\/\/www.palaciocongresoshuesca.es\/en\/wp-json\/wp\/v2\/media?parent=2627"}],"curies":[{"name":"wp","href":"https:\/\/api.w.org\/{rel}","templated":true}]}}