{"id":4601,"date":"2017-06-26T13:17:10","date_gmt":"2017-06-26T11:17:10","guid":{"rendered":"http:\/\/www.palaciocongresoshuesca.es\/?page_id=4601"},"modified":"2020-01-20T13:16:11","modified_gmt":"2020-01-20T11:16:11","slug":"orquesta-reino-aragon","status":"publish","type":"page","link":"https:\/\/www.palaciocongresoshuesca.es\/en\/orquesta-reino-aragon\/","title":{"rendered":"Orquesta Reino de Arag\u00f3n"},"content":{"rendered":"<p>[vc_row][vc_column][vc_single_image image=&#8221;4619&#8243; img_size=&#8221;full&#8221; alignment=&#8221;center&#8221;][vc_column_text]Es la formaci\u00f3n sinf\u00f3nica de referencia en la regi\u00f3n, fundada en 2011 por el m\u00fasico aragon\u00e9s Sergio Guarn\u00e9, ha realizado numerosas producciones desde su creaci\u00f3n con un gran \u00e9xito.<\/p>\n<p>La ORA es orquesta residente del Palacio de Congresos de Huesca, formaci\u00f3n titular de la Asociaci\u00f3n Aragonesa de la \u00f3pera &#8216;Miguel Fleta&#8217; y su director titular es el maestro Ricardo Casero.<\/p>\n<p>La ORA ha sido orquesta residente en el prestigioso festival internacional Riva del Garda (Italia) en las ediciones 2014 y 2015. Ha compartido escenario con artistas de talla mundial como Natalia Gutman (violoncello), Aldo Ciccolini (piano), Sergey Ostrovsky (viol\u00edn), Isaac Karabtchevsky (director), Argentina (cantaora), Orfe\u00f3n Donostiarra&#8230; Adem\u00e1s, ha realizado una gira por Alemania y Turqu\u00eda con Sarah Chang, considerada una de las mejores violinistas del mundo.<\/p>\n<p>Para la temporada 2015 tiene cerrados m\u00e1s de 25 conciertos con producciones oper\u00edsticas como &#8216;La Traviata&#8217;, &#8216;La Boheme&#8217;, sinf\u00f3nicas como &#8216;El Amor Brujo&#8217;, &#8216;Wagner vs Brahms&#8217;, &#8216;El Mes\u00edas&#8217;.[\/vc_column_text][vc_btn title=&#8221;Orquesta Reino de Arag\u00f3n&#8221; style=&#8221;flat&#8221; color=&#8221;mulled-wine&#8221; link=&#8221;url:http%3A%2F%2Fwww.orquestareinodearagon.com%2F||target:%20_blank|&#8221;][\/vc_column][\/vc_row]<\/p>","protected":false},"excerpt":{"rendered":"<p>[vc_row][vc_column][vc_single_image image=&#8221;4619&#8243; img_size=&#8221;full&#8221; alignment=&#8221;center&#8221;][vc_column_text]Es la formaci\u00f3n sinf\u00f3nica de referencia en la regi\u00f3n, fundada en 2011 por el m\u00fasico aragon\u00e9s Sergio Guarn\u00e9, ha realizado numerosas producciones desde<span class=\"excerpt-hellip\"> [\u2026]<\/span><\/p>\n","protected":false},"author":1,"featured_media":4618,"parent":0,"menu_order":0,"comment_status":"closed","ping_status":"closed","template":"","meta":{"footnotes":""},"class_list":["post-4601","page","type-page","status-publish","has-post-thumbnail","hentry"],"_links":{"self":[{"href":"https:\/\/www.palaciocongresoshuesca.es\/en\/wp-json\/wp\/v2\/pages\/4601","targetHints":{"allow":["GET"]}}],"collection":[{"href":"https:\/\/www.palaciocongresoshuesca.es\/en\/wp-json\/wp\/v2\/pages"}],"about":[{"href":"https:\/\/www.palaciocongresoshuesca.es\/en\/wp-json\/wp\/v2\/types\/page"}],"author":[{"embeddable":true,"href":"https:\/\/www.palaciocongresoshuesca.es\/en\/wp-json\/wp\/v2\/users\/1"}],"replies":[{"embeddable":true,"href":"https:\/\/www.palaciocongresoshuesca.es\/en\/wp-json\/wp\/v2\/comments?post=4601"}],"version-history":[{"count":6,"href":"https:\/\/www.palaciocongresoshuesca.es\/en\/wp-json\/wp\/v2\/pages\/4601\/revisions"}],"predecessor-version":[{"id":6420,"href":"https:\/\/www.palaciocongresoshuesca.es\/en\/wp-json\/wp\/v2\/pages\/4601\/revisions\/6420"}],"wp:featuredmedia":[{"embeddable":true,"href":"https:\/\/www.palaciocongresoshuesca.es\/en\/wp-json\/wp\/v2\/media\/4618"}],"wp:attachment":[{"href":"https:\/\/www.palaciocongresoshuesca.es\/en\/wp-json\/wp\/v2\/media?parent=4601"}],"curies":[{"name":"wp","href":"https:\/\/api.w.org\/{rel}","templated":true}]}}