{"id":4664,"date":"2017-06-28T13:30:53","date_gmt":"2017-06-28T11:30:53","guid":{"rendered":"http:\/\/www.palaciocongresoshuesca.es\/?page_id=4664"},"modified":"2017-06-28T15:55:25","modified_gmt":"2017-06-28T13:55:25","slug":"hazte-amigo-del-palacio","status":"publish","type":"page","link":"https:\/\/www.palaciocongresoshuesca.es\/en\/hazte-amigo-del-palacio\/","title":{"rendered":"Hazte Amigo del Palacio"},"content":{"rendered":"<p>[vc_row][vc_column][vc_column_text]<\/p>\n<h1>Hazte Amigo del Palacio<\/h1>\n<p><a href=\"http:\/\/www.palaciocongresoshuesca.es\/wp-content\/uploads\/2016\/04\/home_architect2_sep.png\" data-rel=\"lightbox-image-0\" data-rl_title=\"\" data-rl_caption=\"\" title=\"\"><img loading=\"lazy\" decoding=\"async\" class=\"alignnone size-full wp-image-24\" src=\"http:\/\/www.palaciocongresoshuesca.es\/wp-content\/uploads\/2016\/04\/home_architect2_sep.png\" alt=\"\" width=\"100\" height=\"3\" srcset=\"https:\/\/www.palaciocongresoshuesca.es\/wp-content\/uploads\/2016\/04\/home_architect2_sep.png 100w, https:\/\/www.palaciocongresoshuesca.es\/wp-content\/uploads\/2016\/04\/home_architect2_sep-50x2.png 50w, https:\/\/www.palaciocongresoshuesca.es\/wp-content\/uploads\/2016\/04\/home_architect2_sep-85x3.png 85w, https:\/\/www.palaciocongresoshuesca.es\/wp-content\/uploads\/2016\/04\/home_architect2_sep-80x3.png 80w\" sizes=\"auto, (max-width: 100px) 100vw, 100px\" \/><\/a>[\/vc_column_text][\/vc_column][\/vc_row][vc_row][vc_column width=&#8221;1\/2&#8243;][vc_single_image image=&#8221;4312&#8243; img_size=&#8221;medium&#8221;][vc_column_text]<strong>Hazte Amigo del Palacio<\/strong> para obtener las siguientes ventajas:<\/p>\n<p>&#8211; Recibir\u00e1s toda la informaci\u00f3n de la<strong> programaci\u00f3n<\/strong> mensual.<\/p>\n<p>&#8211; Recibir\u00e1s informaci\u00f3n de los <strong>espect\u00e1culos<\/strong> y de cu\u00e1ndo salen a la venta las entradas.<\/p>\n<p>&#8211; Obtendr\u00e1s <strong>descuentos<\/strong> en los precios de las entradas para algunos espect\u00e1culos.<\/p>\n<p>Formar parte de los<strong> Amigos del Palacio de Congresos<\/strong> de Huesca es totalmente gratuito, es suficiente con rellenar este formulario:<\/p>\n<p>[\/vc_column_text][\/vc_column][vc_column width=&#8221;1\/2&#8243;][vc_column_text css=&#8221;.vc_custom_1498649963285{margin-bottom: 0px !important;padding-bottom: 22px !important;}&#8221;]<\/p>\n<h3>Formulario<\/h3>\n<p><a href=\"http:\/\/www.palaciocongresoshuesca.es\/wp-content\/uploads\/2016\/04\/home_architect2_sep.png\" data-rel=\"lightbox-image-0\" data-rl_title=\"\" data-rl_caption=\"\" title=\"\"><img loading=\"lazy\" decoding=\"async\" class=\"alignnone size-full wp-image-24\" src=\"http:\/\/www.palaciocongresoshuesca.es\/wp-content\/uploads\/2016\/04\/home_architect2_sep.png\" alt=\"\" width=\"100\" height=\"3\" srcset=\"https:\/\/www.palaciocongresoshuesca.es\/wp-content\/uploads\/2016\/04\/home_architect2_sep.png 100w, https:\/\/www.palaciocongresoshuesca.es\/wp-content\/uploads\/2016\/04\/home_architect2_sep-50x2.png 50w, https:\/\/www.palaciocongresoshuesca.es\/wp-content\/uploads\/2016\/04\/home_architect2_sep-85x3.png 85w, https:\/\/www.palaciocongresoshuesca.es\/wp-content\/uploads\/2016\/04\/home_architect2_sep-80x3.png 80w\" sizes=\"auto, (max-width: 100px) 100vw, 100px\" \/><\/a>[\/vc_column_text]<div role=\"form\" class=\"wpcf7\" id=\"wpcf7-f4469-o1\" lang=\"es-ES\" dir=\"ltr\">\n<div class=\"screen-reader-response\"><p role=\"status\" aria-live=\"polite\" aria-atomic=\"true\"><\/p> <ul><\/ul><\/div>\n<form action=\"\/en\/wp-json\/wp\/v2\/pages\/4664#wpcf7-f4469-o1\" method=\"post\" class=\"wpcf7-form init\" novalidate=\"novalidate\" data-status=\"init\">\n<div style=\"display: none;\">\n<input type=\"hidden\" name=\"_wpcf7\" value=\"4469\" \/>\n<input type=\"hidden\" name=\"_wpcf7_version\" value=\"5.5.6\" \/>\n<input type=\"hidden\" name=\"_wpcf7_locale\" value=\"es_ES\" \/>\n<input type=\"hidden\" name=\"_wpcf7_unit_tag\" value=\"wpcf7-f4469-o1\" \/>\n<input type=\"hidden\" name=\"_wpcf7_container_post\" value=\"0\" \/>\n<input type=\"hidden\" name=\"_wpcf7_posted_data_hash\" value=\"\" \/>\n<\/div>\n<div class=\"wpcf7-response-output\" aria-hidden=\"true\"><\/div>\n<div class=\"column one-second\"><span class=\"wpcf7-form-control-wrap nombre\"><input type=\"text\" name=\"nombre\" value=\"\" size=\"40\" class=\"wpcf7-form-control wpcf7-text wpcf7-validates-as-required\" aria-required=\"true\" aria-invalid=\"false\" placeholder=\"Name*\" \/><\/span> <\/div>\n<div class=\"column one-second\"><span class=\"wpcf7-form-control-wrap apellidos\"><input type=\"text\" name=\"apellidos\" value=\"\" size=\"40\" class=\"wpcf7-form-control wpcf7-text wpcf7-validates-as-required\" aria-required=\"true\" aria-invalid=\"false\" placeholder=\"Surnames*\" \/><\/span> <\/div>\n<div class=\"column one\"><span class=\"wpcf7-form-control-wrap direccion\"><input type=\"text\" name=\"direccion\" value=\"\" size=\"40\" class=\"wpcf7-form-control wpcf7-text\" aria-invalid=\"false\" placeholder=\"Address\" \/><\/span> <\/div>\n<div class=\"column one\"><span class=\"wpcf7-form-control-wrap poblacion\"><input type=\"text\" name=\"poblacion\" value=\"\" size=\"40\" class=\"wpcf7-form-control wpcf7-text wpcf7-validates-as-required\" aria-required=\"true\" aria-invalid=\"false\" placeholder=\"Population*\" \/><\/span> <\/div>\n<div class=\"column one-second\"><span class=\"wpcf7-form-control-wrap codigo_postal\"><input type=\"text\" name=\"codigo_postal\" value=\"\" size=\"40\" class=\"wpcf7-form-control wpcf7-text wpcf7-validates-as-required\" aria-required=\"true\" aria-invalid=\"false\" placeholder=\"Postal Code*\" \/><\/span> <\/div>\n<div class=\"column one-second\"><span class=\"wpcf7-form-control-wrap telefono\"><input type=\"text\" name=\"telefono\" value=\"\" size=\"40\" class=\"wpcf7-form-control wpcf7-text\" aria-invalid=\"false\" placeholder=\"Phone(s)\" \/><\/span> <\/div>\n<div class=\"column one\"><span class=\"wpcf7-form-control-wrap email\"><input type=\"email\" name=\"email\" value=\"\" size=\"40\" class=\"wpcf7-form-control wpcf7-text wpcf7-email wpcf7-validates-as-required wpcf7-validates-as-email\" aria-required=\"true\" aria-invalid=\"false\" placeholder=\"Email*\" \/><\/span> <\/div>\n<div class=\"column one\"><span class=\"wpcf7-form-control-wrap observaciones\"><textarea name=\"observaciones\" cols=\"40\" rows=\"10\" class=\"wpcf7-form-control wpcf7-textarea\" aria-invalid=\"false\" placeholder=\"Observations\"><\/textarea><\/span> <\/div>\n<p><span class=\"wpcf7-form-control-wrap checkbox-actividades\"><span class=\"wpcf7-form-control wpcf7-checkbox\"><span class=\"wpcf7-list-item first last\"><input type=\"checkbox\" name=\"checkbox-actividades[]\" value=\"I want to be informed of the activities of the Congress Palace of Huesca through the information provided.\" \/><span class=\"wpcf7-list-item-label\">I want to be informed of the activities of the Congress Palace of Huesca through the information provided.<\/span><\/span><\/span><\/span><br \/>\n<span class=\"wpcf7-form-control-wrap accept-this\"><span class=\"wpcf7-form-control wpcf7-acceptance\"><span class=\"wpcf7-list-item\"><input type=\"checkbox\" name=\"accept-this\" value=\"1\" aria-invalid=\"false\" \/><\/span><\/span><\/span> I have read and accept  <a href=\"aviso-legal\/\" style=\"text-decoration:underline;\">the privacy policy<br \/>\n<\/a><\/p>\n<div class=\"column one\"><input type=\"submit\" value=\"SEND\" class=\"wpcf7-form-control has-spinner wpcf7-submit button_full_width\" id=\"submit-amigo\" \/><\/div>\n<div class=\"wpcf7-response-output\" aria-hidden=\"true\"><\/div>\n<\/form><\/div>[\/vc_column][\/vc_row]<\/p>\n","protected":false},"excerpt":{"rendered":"<p>[vc_row][vc_column][vc_column_text] Hazte Amigo del Palacio [\/vc_column_text][\/vc_column][\/vc_row][vc_row][vc_column width=&#8221;1\/2&#8243;][vc_single_image image=&#8221;4312&#8243; img_size=&#8221;medium&#8221;][vc_column_text]Hazte Amigo del Palacio para obtener las siguientes ventajas: &#8211; Recibir\u00e1s toda la informaci\u00f3n de la programaci\u00f3n mensual.<span class=\"excerpt-hellip\"> [\u2026]<\/span><\/p>\n","protected":false},"author":1,"featured_media":0,"parent":0,"menu_order":0,"comment_status":"closed","ping_status":"closed","template":"","meta":{"footnotes":""},"class_list":["post-4664","page","type-page","status-publish","hentry"],"_links":{"self":[{"href":"https:\/\/www.palaciocongresoshuesca.es\/en\/wp-json\/wp\/v2\/pages\/4664","targetHints":{"allow":["GET"]}}],"collection":[{"href":"https:\/\/www.palaciocongresoshuesca.es\/en\/wp-json\/wp\/v2\/pages"}],"about":[{"href":"https:\/\/www.palaciocongresoshuesca.es\/en\/wp-json\/wp\/v2\/types\/page"}],"author":[{"embeddable":true,"href":"https:\/\/www.palaciocongresoshuesca.es\/en\/wp-json\/wp\/v2\/users\/1"}],"replies":[{"embeddable":true,"href":"https:\/\/www.palaciocongresoshuesca.es\/en\/wp-json\/wp\/v2\/comments?post=4664"}],"version-history":[{"count":5,"href":"https:\/\/www.palaciocongresoshuesca.es\/en\/wp-json\/wp\/v2\/pages\/4664\/revisions"}],"predecessor-version":[{"id":4690,"href":"https:\/\/www.palaciocongresoshuesca.es\/en\/wp-json\/wp\/v2\/pages\/4664\/revisions\/4690"}],"wp:attachment":[{"href":"https:\/\/www.palaciocongresoshuesca.es\/en\/wp-json\/wp\/v2\/media?parent=4664"}],"curies":[{"name":"wp","href":"https:\/\/api.w.org\/{rel}","templated":true}]}}