{"id":2255,"date":"2016-11-21T19:52:34","date_gmt":"2016-11-21T19:52:34","guid":{"rendered":"http:\/\/www.palaciocongresoshuesca.es\/?page_id=2255"},"modified":"2019-01-11T21:59:22","modified_gmt":"2019-01-11T19:59:22","slug":"auditorio","status":"publish","type":"page","link":"https:\/\/www.palaciocongresoshuesca.es\/fr\/auditorio\/","title":{"rendered":"Auditorium Carlos Saura"},"content":{"rendered":"<p>[vc_row css=\u00a0\u00bb.vc_custom_1480421866476{margin-bottom: 0px !important;padding-bottom: 0px !important;}\u00a0\u00bb][vc_column][vc_column_text css=\u00a0\u00bb.vc_custom_1543998619390{margin-bottom: 0px !important;padding-bottom: 0px !important;}\u00a0\u00bb]<\/p>\n<h1>Auditorium Carlos Saura<\/h1>\n<p><img loading=\"lazy\" decoding=\"async\" class=\"alignnone size-full wp-image-2356\" src=\"http:\/\/www.palaciocongresoshuesca.es\/wp-content\/uploads\/2016\/11\/separador-palacio-huesca-1.jpg\" alt=\"separador-palacio-huesca\" width=\"114\" height=\"17\" srcset=\"https:\/\/www.palaciocongresoshuesca.es\/wp-content\/uploads\/2016\/11\/separador-palacio-huesca-1.jpg 114w, https:\/\/www.palaciocongresoshuesca.es\/wp-content\/uploads\/2016\/11\/separador-palacio-huesca-1-50x7.jpg 50w\" sizes=\"auto, (max-width: 114px) 100vw, 114px\" \/>[\/vc_column_text][\/vc_column][\/vc_row][vc_row][vc_column css=\u00a0\u00bb.vc_custom_1480421922405{margin-bottom: 0px !important;padding-bottom: 0px !important;}\u00a0\u00bb][vc_gallery type=\u00a0\u00bbimage_grid\u00a0\u00bb images=\u00a0\u00bb2401,2400,2398,2397&Prime; img_size=\u00a0\u00bb200&#215;200&Prime; css=\u00a0\u00bb.vc_custom_1480421928843{margin-bottom: 0px !important;padding-bottom: 0px !important;}\u00a0\u00bb][\/vc_column][\/vc_row][vc_row][vc_column width=\u00a0\u00bb1\/2&Prime;][vc_column_text]<\/p>\n<div class=\"texto\">\n<p>Capacit\u00e9: 782 places<\/p>\n<ul>\n<li>L&rsquo;Auditorium propose la toute derni\u00e8re technologie audio-visuelle:<\/li>\n<li>30.000 lumens proyector<\/li>\n<li>11,4 x 6 m. Ecran de projection frontale<\/li>\n<li>156 places avec une table, le raccordement \u00e9lectrique et la connexion LAN ligne ADSL<\/li>\n<li>536 places avec table de chevet<\/li>\n<li>Si\u00e8ges adapt\u00e9s pour les personnes handicap\u00e9es<\/li>\n<\/ul>\n<\/div>\n<div class=\"links\"><\/div>\n<p>[\/vc_column_text][\/vc_column][vc_column width=\u00a0\u00bb1\/2&Prime;][vc_single_image image=\u00a0\u00bb2402&Prime; img_size=\u00a0\u00bblarge\u00a0\u00bb][\/vc_column][\/vc_row][vc_row][vc_column width=\u00a0\u00bb1\/2&Prime;][vc_single_image image=\u00a0\u00bb2399&Prime; img_size=\u00a0\u00bblarge\u00a0\u00bb][\/vc_column][vc_column width=\u00a0\u00bb1\/2&Prime;][vc_column_text]<\/p>\n<div class=\"texto\">\n<p>&nbsp;<\/p>\n<p><a href=\"https:\/\/woow360.com\/es\/eventos+portal\/palacio-de-congresos-auditorio-p-4166.html\" target=\"_blank\" rel=\"nofollow noopener\">Cliquez ici pour visite panoramique<\/a><\/p>\n<\/div>\n<p>[\/vc_column_text][\/vc_column][\/vc_row][vc_row][vc_column][vc_column_text]<\/p>\n<p>[\/vc_column_text][\/vc_column][\/vc_row]<\/p>","protected":false},"excerpt":{"rendered":"<p>[vc_row css=\u00a0\u00bb.vc_custom_1480421866476{margin-bottom: 0px !important;padding-bottom: 0px !important;}\u00a0\u00bb][vc_column][vc_column_text css=\u00a0\u00bb.vc_custom_1543998619390{margin-bottom: 0px !important;padding-bottom: 0px !important;}\u00a0\u00bb] Auditorium Carlos Saura [\/vc_column_text][\/vc_column][\/vc_row][vc_row][vc_column css=\u00a0\u00bb.vc_custom_1480421922405{margin-bottom: 0px !important;padding-bottom: 0px !important;}\u00a0\u00bb][vc_gallery type=\u00a0\u00bbimage_grid\u00a0\u00bb images=\u00a0\u00bb2401,2400,2398,2397&Prime; img_size=\u00a0\u00bb200&#215;200&Prime; css=\u00a0\u00bb.vc_custom_1480421928843{margin-bottom: 0px !important;padding-bottom:<span class=\"excerpt-hellip\"> [\u2026]<\/span><\/p>\n","protected":false},"author":1,"featured_media":0,"parent":0,"menu_order":0,"comment_status":"closed","ping_status":"closed","template":"","meta":{"footnotes":""},"class_list":["post-2255","page","type-page","status-publish","hentry"],"_links":{"self":[{"href":"https:\/\/www.palaciocongresoshuesca.es\/fr\/wp-json\/wp\/v2\/pages\/2255","targetHints":{"allow":["GET"]}}],"collection":[{"href":"https:\/\/www.palaciocongresoshuesca.es\/fr\/wp-json\/wp\/v2\/pages"}],"about":[{"href":"https:\/\/www.palaciocongresoshuesca.es\/fr\/wp-json\/wp\/v2\/types\/page"}],"author":[{"embeddable":true,"href":"https:\/\/www.palaciocongresoshuesca.es\/fr\/wp-json\/wp\/v2\/users\/1"}],"replies":[{"embeddable":true,"href":"https:\/\/www.palaciocongresoshuesca.es\/fr\/wp-json\/wp\/v2\/comments?post=2255"}],"version-history":[{"count":6,"href":"https:\/\/www.palaciocongresoshuesca.es\/fr\/wp-json\/wp\/v2\/pages\/2255\/revisions"}],"predecessor-version":[{"id":5871,"href":"https:\/\/www.palaciocongresoshuesca.es\/fr\/wp-json\/wp\/v2\/pages\/2255\/revisions\/5871"}],"wp:attachment":[{"href":"https:\/\/www.palaciocongresoshuesca.es\/fr\/wp-json\/wp\/v2\/media?parent=2255"}],"curies":[{"name":"wp","href":"https:\/\/api.w.org\/{rel}","templated":true}]}}