{"id":2269,"date":"2016-11-21T23:35:39","date_gmt":"2016-11-21T23:35:39","guid":{"rendered":"http:\/\/www.palaciocongresoshuesca.es\/?page_id=2269"},"modified":"2026-01-02T11:59:43","modified_gmt":"2026-01-02T09:59:43","slug":"venta-de-entradas-palacio-congresos-huesca","status":"publish","type":"page","link":"https:\/\/www.palaciocongresoshuesca.es\/fr\/venta-de-entradas-palacio-congresos-huesca\/","title":{"rendered":"Vente de billets"},"content":{"rendered":"<p>[vc_row][vc_column][vc_column_text css=\u00a0\u00bb.vc_custom_1764589454998{padding-bottom: 20px !important;}\u00a0\u00bb]Vous pouvez acheter vos billets \u00e0 la billetterie du Palais des Congr\u00e8s.<\/p>\n<p>Horaires :<\/p>\n<p>Du lundi au vendredi, de 8h30 \u00e0 14h30 et une heure avant chaque spectacle.<\/p>\n<p>Vente de billets en ligne :<\/p>\n<p>Jusqu&rsquo;\u00e0 deux heures avant le d\u00e9but du spectacle.[\/vc_column_text][vc_btn title=\u00a0\u00bb<strong>Acheter vos billets maintenant<\/strong>\u00a0\u00bb style=\u00a0\u00bbcustom\u00a0\u00bb custom_background=\u00a0\u00bb#756252&Prime; custom_text=\u00a0\u00bb#ffffff\u00a0\u00bb i_icon_fontawesome=\u00a0\u00bbfa fa-credit-card\u00a0\u00bb add_icon=\u00a0\u00bbtrue\u00a0\u00bb link=\u00a0\u00bburl:https%3A%2F%2Fentradas.palaciocongresoshuesca.es%2Fpar-public%2Frest%2Fevento%2Flistado||target:%20_blank|rel:nofollow\u00a0\u00bb][\/vc_column][\/vc_row]<\/p>","protected":false},"excerpt":{"rendered":"<p>[vc_row][vc_column][vc_column_text css=\u00a0\u00bb.vc_custom_1764589454998{padding-bottom: 20px !important;}\u00a0\u00bb]Vous pouvez acheter vos billets \u00e0 la billetterie du Palais des Congr\u00e8s. Horaires : Du lundi au vendredi, de 8h30 \u00e0 14h30 et<span class=\"excerpt-hellip\"> [\u2026]<\/span><\/p>\n","protected":false},"author":1,"featured_media":0,"parent":0,"menu_order":0,"comment_status":"closed","ping_status":"closed","template":"","meta":{"footnotes":""},"class_list":["post-2269","page","type-page","status-publish","hentry"],"_links":{"self":[{"href":"https:\/\/www.palaciocongresoshuesca.es\/fr\/wp-json\/wp\/v2\/pages\/2269","targetHints":{"allow":["GET"]}}],"collection":[{"href":"https:\/\/www.palaciocongresoshuesca.es\/fr\/wp-json\/wp\/v2\/pages"}],"about":[{"href":"https:\/\/www.palaciocongresoshuesca.es\/fr\/wp-json\/wp\/v2\/types\/page"}],"author":[{"embeddable":true,"href":"https:\/\/www.palaciocongresoshuesca.es\/fr\/wp-json\/wp\/v2\/users\/1"}],"replies":[{"embeddable":true,"href":"https:\/\/www.palaciocongresoshuesca.es\/fr\/wp-json\/wp\/v2\/comments?post=2269"}],"version-history":[{"count":108,"href":"https:\/\/www.palaciocongresoshuesca.es\/fr\/wp-json\/wp\/v2\/pages\/2269\/revisions"}],"predecessor-version":[{"id":8876,"href":"https:\/\/www.palaciocongresoshuesca.es\/fr\/wp-json\/wp\/v2\/pages\/2269\/revisions\/8876"}],"wp:attachment":[{"href":"https:\/\/www.palaciocongresoshuesca.es\/fr\/wp-json\/wp\/v2\/media?parent=2269"}],"curies":[{"name":"wp","href":"https:\/\/api.w.org\/{rel}","templated":true}]}}