{"id":2301,"date":"2016-11-29T09:47:47","date_gmt":"2016-11-29T09:47:47","guid":{"rendered":"http:\/\/www.palaciocongresoshuesca.es\/?page_id=2301"},"modified":"2017-07-05T12:12:49","modified_gmt":"2017-07-05T10:12:49","slug":"la-ciudad","status":"publish","type":"page","link":"https:\/\/www.palaciocongresoshuesca.es\/fr\/la-ciudad\/","title":{"rendered":"Huesca"},"content":{"rendered":"<p>[vc_row css=\u00a0\u00bb.vc_custom_1480419130659{margin-bottom: 0px !important;padding-bottom: 0px !important;}\u00a0\u00bb][vc_column width=\u00a0\u00bb1\/2&Prime; css=\u00a0\u00bb.vc_custom_1480419135583{margin-bottom: 0px !important;padding-bottom: 0px !important;}\u00a0\u00bb][vc_column_text css=\u00a0\u00bb.vc_custom_1499249612723{margin-bottom: 0px !important;padding-bottom: 0px !important;}\u00a0\u00bb]<\/p>\n<h1>La ville de vos congr\u00e8s<\/h1>\n<p><img loading=\"lazy\" decoding=\"async\" class=\"alignnone size-full wp-image-2356\" src=\"http:\/\/www.palaciocongresoshuesca.es\/wp-content\/uploads\/2016\/11\/separador-palacio-huesca-1.jpg\" alt=\"separador-palacio-huesca\" width=\"114\" height=\"17\" srcset=\"https:\/\/www.palaciocongresoshuesca.es\/wp-content\/uploads\/2016\/11\/separador-palacio-huesca-1.jpg 114w, https:\/\/www.palaciocongresoshuesca.es\/wp-content\/uploads\/2016\/11\/separador-palacio-huesca-1-50x7.jpg 50w\" sizes=\"auto, (max-width: 114px) 100vw, 114px\" \/>[\/vc_column_text][\/vc_column][vc_column width=\u00a0\u00bb1\/2&Prime;][\/vc_column][\/vc_row][vc_row][vc_column width=\u00a0\u00bb1\/2&Prime;][vc_column_text]Si vous recherchez un cadre agr\u00e9able dans lequel votre congr\u00e8s soit un succ\u00e8s, se d\u00e9roule dans une organisation de qualit\u00e9 , et que vous souhaitez disposer de toutes les commodit\u00e9s \u00e0 proximit\u00e9, Huesca est l\u2019endroit qu\u2019il vous faut.<\/p>\n<p>La capitale du Haut-Aragon et sa province ont grandement \u00e9volu\u00e9 au cours des derni\u00e8res ann\u00e9es afin d\u2019am\u00e9liorer leurs communications, de proposer les infrastructures les plus modernes, une gastronomie excellente, des vins de renomm\u00e9e prestigieux, les options de loisir les plus vari\u00e9es, sport, aventure, et, bien \u00e9videmment, un riche patrimoine culturel et historique.<\/p>\n<p>Tout ceci s\u2019inscrit, de plus, dans le cadre d\u2019une des provinces dot\u00e9e de la plus grande richesse naturelle et paysagiste, un v\u00e9ritable diamant situ\u00e9 au c\u0153ur des Pyr\u00e9n\u00e9es dans lequel r\u00e9sident des habitants qui arborent une r\u00e9putation de gens nobles et hospitaliers.<\/p>\n<p>Strategiquement situ\u00e9e sur les flancs des Pyren\u00e9es Centrales, Huesca a am\u00e9lior\u00e9 ses connexions routi\u00e8res avec toutes les provinces limitrophes et la France. Elle dispose de train \u00e0 grande vitesse direct \u00e0 Madrid et poss\u00e8de propre a\u00e9roport : Huesca \u2013 Pyr\u00e9n\u00e9es.<\/p>\n<div class=\"texto\"><\/div>\n<p>[\/vc_column_text][\/vc_column][vc_column width=\u00a0\u00bb1\/2&Prime;][vc_single_image image=\u00a0\u00bb2496&Prime; img_size=\u00a0\u00bblarge\u00a0\u00bb][\/vc_column][\/vc_row][vc_row][vc_column][vc_gallery type=\u00a0\u00bbimage_grid\u00a0\u00bb images=\u00a0\u00bb2497,2498,2499,2500,2501,2502,2503,2504,2505,2506,2507,2508,2509,2510,2511,2512&Prime; img_size=\u00a0\u00bb200&#215;200&Prime;][\/vc_column][\/vc_row]<\/p>","protected":false},"excerpt":{"rendered":"<p>[vc_row css=\u00a0\u00bb.vc_custom_1480419130659{margin-bottom: 0px !important;padding-bottom: 0px !important;}\u00a0\u00bb][vc_column width=\u00a0\u00bb1\/2&Prime; css=\u00a0\u00bb.vc_custom_1480419135583{margin-bottom: 0px !important;padding-bottom: 0px !important;}\u00a0\u00bb][vc_column_text css=\u00a0\u00bb.vc_custom_1499249612723{margin-bottom: 0px !important;padding-bottom: 0px !important;}\u00a0\u00bb] La ville de vos congr\u00e8s [\/vc_column_text][\/vc_column][vc_column width=\u00a0\u00bb1\/2&Prime;][\/vc_column][\/vc_row][vc_row][vc_column width=\u00a0\u00bb1\/2&Prime;][vc_column_text]Si vous<span class=\"excerpt-hellip\"> [\u2026]<\/span><\/p>\n","protected":false},"author":1,"featured_media":0,"parent":0,"menu_order":0,"comment_status":"closed","ping_status":"closed","template":"","meta":{"footnotes":""},"class_list":["post-2301","page","type-page","status-publish","hentry"],"_links":{"self":[{"href":"https:\/\/www.palaciocongresoshuesca.es\/fr\/wp-json\/wp\/v2\/pages\/2301","targetHints":{"allow":["GET"]}}],"collection":[{"href":"https:\/\/www.palaciocongresoshuesca.es\/fr\/wp-json\/wp\/v2\/pages"}],"about":[{"href":"https:\/\/www.palaciocongresoshuesca.es\/fr\/wp-json\/wp\/v2\/types\/page"}],"author":[{"embeddable":true,"href":"https:\/\/www.palaciocongresoshuesca.es\/fr\/wp-json\/wp\/v2\/users\/1"}],"replies":[{"embeddable":true,"href":"https:\/\/www.palaciocongresoshuesca.es\/fr\/wp-json\/wp\/v2\/comments?post=2301"}],"version-history":[{"count":5,"href":"https:\/\/www.palaciocongresoshuesca.es\/fr\/wp-json\/wp\/v2\/pages\/2301\/revisions"}],"predecessor-version":[{"id":4728,"href":"https:\/\/www.palaciocongresoshuesca.es\/fr\/wp-json\/wp\/v2\/pages\/2301\/revisions\/4728"}],"wp:attachment":[{"href":"https:\/\/www.palaciocongresoshuesca.es\/fr\/wp-json\/wp\/v2\/media?parent=2301"}],"curies":[{"name":"wp","href":"https:\/\/api.w.org\/{rel}","templated":true}]}}