{"id":2303,"date":"2016-11-29T09:48:13","date_gmt":"2016-11-29T09:48:13","guid":{"rendered":"http:\/\/www.palaciocongresoshuesca.es\/?page_id=2303"},"modified":"2017-07-06T14:38:34","modified_gmt":"2017-07-06T12:38:34","slug":"el-entorno","status":"publish","type":"page","link":"https:\/\/www.palaciocongresoshuesca.es\/fr\/el-entorno\/","title":{"rendered":"L&rsquo;environnement"},"content":{"rendered":"<p>[vc_row css=\u00a0\u00bb.vc_custom_1480418556559{margin-bottom: 0px !important;padding-bottom: 0px !important;}\u00a0\u00bb][vc_column width=\u00a0\u00bb1\/2&Prime; css=\u00a0\u00bb.vc_custom_1480418577931{margin-bottom: 0px !important;padding-bottom: 0px !important;}\u00a0\u00bb][vc_column_text css=\u00a0\u00bb.vc_custom_1499345551085{margin-bottom: 0px !important;padding-bottom: 0px !important;}\u00a0\u00bb]<\/p>\n<h1>L&rsquo;environnement<\/h1>\n<p><img loading=\"lazy\" decoding=\"async\" class=\"alignnone size-full wp-image-2356\" src=\"http:\/\/www.palaciocongresoshuesca.es\/wp-content\/uploads\/2016\/11\/separador-palacio-huesca-1.jpg\" alt=\"separador-palacio-huesca\" width=\"114\" height=\"17\" srcset=\"https:\/\/www.palaciocongresoshuesca.es\/wp-content\/uploads\/2016\/11\/separador-palacio-huesca-1.jpg 114w, https:\/\/www.palaciocongresoshuesca.es\/wp-content\/uploads\/2016\/11\/separador-palacio-huesca-1-50x7.jpg 50w\" sizes=\"auto, (max-width: 114px) 100vw, 114px\" \/>[\/vc_column_text][\/vc_column][vc_column width=\u00a0\u00bb1\/2&Prime; css=\u00a0\u00bb.vc_custom_1480418584082{margin-bottom: 0px !important;padding-bottom: 0px !important;}\u00a0\u00bb][\/vc_column][\/vc_row][vc_row css=\u00a0\u00bb.vc_custom_1480418551730{margin-top: 0px !important;padding-top: 0px !important;}\u00a0\u00bb][vc_column width=\u00a0\u00bb1\/2&Prime;][vc_column_text]Huesca y su comarca constituyen un espacio abierto, a\u00fan por descubrir en su belleza y en sus m\u00faltiples posibilidades para una estancia reposada o de ocio activo. O tambi\u00e9n para alternar ambas, disfrutando singulares rincones y edificios de la ciudad y los pueblos, el recuperado patrimonio art\u00edstico y natural, la peculiar configuraci\u00f3n del paisaje, \u00fanico y diverso, y la emoci\u00f3n de una naturaleza viva.<\/p>\n<p>En la comarca de la Hoya, a menos de treinta minutos, el castillo de Loarre, la fortaleza rom\u00e1nica mejor conservada de Europa, los Mallos de Riglos y Ag\u00fcero y un sinf\u00edn de pueblos con encanto e historia.<\/p>\n<p>Poder jugar al golf, en Arascu\u00e9s-Nueno, practicar el windsurf en Arguis y Tormos, descender r\u00edos en canoa o rafting en el G\u00e1llego, puenting, pasear a caballo en Huesca, o incluso a camello en Tardienta, escalar en Vadiello, volar en parapente, en velero o avioneta, descender barrancos adentr\u00e1ndose en el Parque Natural de la Sierra y Ca\u00f1ones de Guara, relajarse en un Spa, disfrutar de excursiones y actividades accesibles&#8230;, todo tiene cabida en Huesca.<\/p>\n<p>Finalmente, breves desplazamientos, en torno a una hora, permiten acceder al esqu\u00ed en Formigal, Panticosa, Ast\u00fan, Candanch\u00fa o Cerler, y a toda la riqueza ambiental e hist\u00f3rica de las comarcas y condados del viejo Reino de Arag\u00f3n, visitar el Parque Nacional de Ordesa, el Valle de Ans\u00f3 y Hecho, el Arag\u00f3n, Valle de Tena, de Benasque, el Somontano, observar las bellezas de las cimas pirenaicas, el arte del Serrablo, Sobrarbe y Ribagorza y la joya oculta de los Monegros.[\/vc_column_text][\/vc_column][vc_column width=\u00a0\u00bb1\/2&Prime;][vc_single_image image=\u00a0\u00bb2486&Prime; img_size=\u00a0\u00bblarge\u00a0\u00bb][\/vc_column][\/vc_row][vc_row][vc_column][vc_gallery type=\u00a0\u00bbimage_grid\u00a0\u00bb images=\u00a0\u00bb2487,2488,2489,2490,2491,2492&Prime; img_size=\u00a0\u00bb200&#215;200&Prime;][\/vc_column][\/vc_row]<\/p>","protected":false},"excerpt":{"rendered":"<p>[vc_row css=\u00a0\u00bb.vc_custom_1480418556559{margin-bottom: 0px !important;padding-bottom: 0px !important;}\u00a0\u00bb][vc_column width=\u00a0\u00bb1\/2&Prime; css=\u00a0\u00bb.vc_custom_1480418577931{margin-bottom: 0px !important;padding-bottom: 0px !important;}\u00a0\u00bb][vc_column_text css=\u00a0\u00bb.vc_custom_1499345551085{margin-bottom: 0px !important;padding-bottom: 0px !important;}\u00a0\u00bb] L&rsquo;environnement [\/vc_column_text][\/vc_column][vc_column width=\u00a0\u00bb1\/2&Prime; css=\u00a0\u00bb.vc_custom_1480418584082{margin-bottom: 0px !important;padding-bottom: 0px !important;}\u00a0\u00bb][\/vc_column][\/vc_row][vc_row css=\u00a0\u00bb.vc_custom_1480418551730{margin-top:<span class=\"excerpt-hellip\"> [\u2026]<\/span><\/p>\n","protected":false},"author":1,"featured_media":0,"parent":0,"menu_order":0,"comment_status":"closed","ping_status":"closed","template":"","meta":{"footnotes":""},"class_list":["post-2303","page","type-page","status-publish","hentry"],"_links":{"self":[{"href":"https:\/\/www.palaciocongresoshuesca.es\/fr\/wp-json\/wp\/v2\/pages\/2303","targetHints":{"allow":["GET"]}}],"collection":[{"href":"https:\/\/www.palaciocongresoshuesca.es\/fr\/wp-json\/wp\/v2\/pages"}],"about":[{"href":"https:\/\/www.palaciocongresoshuesca.es\/fr\/wp-json\/wp\/v2\/types\/page"}],"author":[{"embeddable":true,"href":"https:\/\/www.palaciocongresoshuesca.es\/fr\/wp-json\/wp\/v2\/users\/1"}],"replies":[{"embeddable":true,"href":"https:\/\/www.palaciocongresoshuesca.es\/fr\/wp-json\/wp\/v2\/comments?post=2303"}],"version-history":[{"count":5,"href":"https:\/\/www.palaciocongresoshuesca.es\/fr\/wp-json\/wp\/v2\/pages\/2303\/revisions"}],"predecessor-version":[{"id":4807,"href":"https:\/\/www.palaciocongresoshuesca.es\/fr\/wp-json\/wp\/v2\/pages\/2303\/revisions\/4807"}],"wp:attachment":[{"href":"https:\/\/www.palaciocongresoshuesca.es\/fr\/wp-json\/wp\/v2\/media?parent=2303"}],"curies":[{"name":"wp","href":"https:\/\/api.w.org\/{rel}","templated":true}]}}