{"id":2305,"date":"2016-11-29T09:48:49","date_gmt":"2016-11-29T09:48:49","guid":{"rendered":"http:\/\/www.palaciocongresoshuesca.es\/?page_id=2305"},"modified":"2017-07-05T13:05:55","modified_gmt":"2017-07-05T11:05:55","slug":"servicios-y-comunicaciones","status":"publish","type":"page","link":"https:\/\/www.palaciocongresoshuesca.es\/fr\/servicios-y-comunicaciones\/","title":{"rendered":"Services et communications"},"content":{"rendered":"<p>[vc_row css=\u00a0\u00bb.vc_custom_1480419371963{margin-bottom: 0px !important;padding-bottom: 0px !important;}\u00a0\u00bb][vc_column width=\u00a0\u00bb1\/2&Prime; css=\u00a0\u00bb.vc_custom_1480419367260{margin-bottom: 0px !important;padding-bottom: 0px !important;}\u00a0\u00bb][vc_column_text css=\u00a0\u00bb.vc_custom_1499252817897{margin-bottom: 0px !important;padding-bottom: 0px !important;}\u00a0\u00bb]<\/p>\n<h1>Services et communications<\/h1>\n<p><img loading=\"lazy\" decoding=\"async\" class=\"alignnone size-full wp-image-2356\" src=\"http:\/\/www.palaciocongresoshuesca.es\/wp-content\/uploads\/2016\/11\/separador-palacio-huesca-1.jpg\" alt=\"separador-palacio-huesca\" width=\"114\" height=\"17\" srcset=\"https:\/\/www.palaciocongresoshuesca.es\/wp-content\/uploads\/2016\/11\/separador-palacio-huesca-1.jpg 114w, https:\/\/www.palaciocongresoshuesca.es\/wp-content\/uploads\/2016\/11\/separador-palacio-huesca-1-50x7.jpg 50w\" sizes=\"auto, (max-width: 114px) 100vw, 114px\" \/>[\/vc_column_text][\/vc_column][vc_column width=\u00a0\u00bb1\/2&Prime;][\/vc_column][\/vc_row][vc_row][vc_column width=\u00a0\u00bb1\/2&Prime;][vc_column_text]Strategiquement situ\u00e9e sur les flancs des Pyren\u00e9es Centrales, Huesca a am\u00e9lior\u00e9 ses connexions routi\u00e8res avec toutes les provinces limitrophes et la France. Elle dispose de train \u00e0 grande vitesse direct \u00e0 Madrid et poss\u00e8de propre a\u00e9roport : Huesca \u2013 Pyr\u00e9n\u00e9es.<\/p>\n<ul>\n<li><a href=\"http:\/\/maps.google.es\/maps?f=q&amp;source=s_q&amp;hl=es&amp;geocode=&amp;q=Huesca&amp;sll=40.396764,-3.713379&amp;sspn=12.543334,17.600098&amp;ie=UTF8&amp;hq=&amp;hnear=Huesca,+Arag%C3%B3n&amp;ll=42.139987,-0.407867&amp;spn=0.763728,1.100006&amp;z=10\" target=\"_blank\" rel=\"noopener\">Localisez Huesca \u00e0 Google Maps<\/a><\/li>\n<li><a href=\"http:\/\/www.renfe.es\/\" target=\"_blank\" rel=\"noopener\">Train \u00e0 en Huesca<\/a><\/li>\n<li><a href=\"http:\/\/www.alosa.es\/\" target=\"_blank\" rel=\"noopener\">Bus \u00e0 Huesca<\/a><\/li>\n<li><a href=\"http:\/\/www.pyrenair.es\/\" target=\"_blank\" rel=\"noopener\">A\u00e9roport Huesca &#8211; Pirineos<\/a><\/li>\n<\/ul>\n<p>[\/vc_column_text][\/vc_column][vc_column width=\u00a0\u00bb1\/2&Prime;][vc_single_image image=\u00a0\u00bb2369&Prime; img_size=\u00a0\u00bblarge\u00a0\u00bb][\/vc_column][\/vc_row]<\/p>","protected":false},"excerpt":{"rendered":"<p>[vc_row css=\u00a0\u00bb.vc_custom_1480419371963{margin-bottom: 0px !important;padding-bottom: 0px !important;}\u00a0\u00bb][vc_column width=\u00a0\u00bb1\/2&Prime; css=\u00a0\u00bb.vc_custom_1480419367260{margin-bottom: 0px !important;padding-bottom: 0px !important;}\u00a0\u00bb][vc_column_text css=\u00a0\u00bb.vc_custom_1499252817897{margin-bottom: 0px !important;padding-bottom: 0px !important;}\u00a0\u00bb] Services et communications [\/vc_column_text][\/vc_column][vc_column width=\u00a0\u00bb1\/2&Prime;][\/vc_column][\/vc_row][vc_row][vc_column width=\u00a0\u00bb1\/2&Prime;][vc_column_text]Strategiquement situ\u00e9e sur les<span class=\"excerpt-hellip\"> [\u2026]<\/span><\/p>\n","protected":false},"author":1,"featured_media":0,"parent":0,"menu_order":0,"comment_status":"closed","ping_status":"closed","template":"","meta":{"footnotes":""},"class_list":["post-2305","page","type-page","status-publish","hentry"],"_links":{"self":[{"href":"https:\/\/www.palaciocongresoshuesca.es\/fr\/wp-json\/wp\/v2\/pages\/2305","targetHints":{"allow":["GET"]}}],"collection":[{"href":"https:\/\/www.palaciocongresoshuesca.es\/fr\/wp-json\/wp\/v2\/pages"}],"about":[{"href":"https:\/\/www.palaciocongresoshuesca.es\/fr\/wp-json\/wp\/v2\/types\/page"}],"author":[{"embeddable":true,"href":"https:\/\/www.palaciocongresoshuesca.es\/fr\/wp-json\/wp\/v2\/users\/1"}],"replies":[{"embeddable":true,"href":"https:\/\/www.palaciocongresoshuesca.es\/fr\/wp-json\/wp\/v2\/comments?post=2305"}],"version-history":[{"count":5,"href":"https:\/\/www.palaciocongresoshuesca.es\/fr\/wp-json\/wp\/v2\/pages\/2305\/revisions"}],"predecessor-version":[{"id":4739,"href":"https:\/\/www.palaciocongresoshuesca.es\/fr\/wp-json\/wp\/v2\/pages\/2305\/revisions\/4739"}],"wp:attachment":[{"href":"https:\/\/www.palaciocongresoshuesca.es\/fr\/wp-json\/wp\/v2\/media?parent=2305"}],"curies":[{"name":"wp","href":"https:\/\/api.w.org\/{rel}","templated":true}]}}