{"id":2307,"date":"2016-11-29T09:49:16","date_gmt":"2016-11-29T09:49:16","guid":{"rendered":"http:\/\/www.palaciocongresoshuesca.es\/?page_id=2307"},"modified":"2017-07-05T09:41:03","modified_gmt":"2017-07-05T07:41:03","slug":"actividades","status":"publish","type":"page","link":"https:\/\/www.palaciocongresoshuesca.es\/fr\/actividades\/","title":{"rendered":"Activit\u00e9s"},"content":{"rendered":"<p>[vc_row css=\u00a0\u00bb.vc_custom_1480419831666{margin-bottom: 0px !important;padding-bottom: 0px !important;}\u00a0\u00bb][vc_column width=\u00a0\u00bb1\/2&Prime; css=\u00a0\u00bb.vc_custom_1480419823430{margin-bottom: 0px !important;padding-bottom: 0px !important;}\u00a0\u00bb][vc_column_text css=\u00a0\u00bb.vc_custom_1499240505365{margin-bottom: 0px !important;padding-bottom: 0px !important;}\u00a0\u00bb]<\/p>\n<h1>Activit\u00e9s<\/h1>\n<p><img loading=\"lazy\" decoding=\"async\" class=\"alignnone size-full wp-image-2356\" src=\"http:\/\/www.palaciocongresoshuesca.es\/wp-content\/uploads\/2016\/11\/separador-palacio-huesca-1.jpg\" alt=\"separador-palacio-huesca\" width=\"114\" height=\"17\" srcset=\"https:\/\/www.palaciocongresoshuesca.es\/wp-content\/uploads\/2016\/11\/separador-palacio-huesca-1.jpg 114w, https:\/\/www.palaciocongresoshuesca.es\/wp-content\/uploads\/2016\/11\/separador-palacio-huesca-1-50x7.jpg 50w\" sizes=\"auto, (max-width: 114px) 100vw, 114px\" \/>[\/vc_column_text][\/vc_column][vc_column width=\u00a0\u00bb1\/2&Prime;][\/vc_column][\/vc_row][vc_row][vc_column width=\u00a0\u00bb1\/2&Prime;][vc_column_text]Huesca appara\u00eet comme le prototype de ville parfaite pour l\u2019organisation de congr\u00e8s, r\u00e9unions et voyages d\u2019incentives. Encore m\u00e9connue de certains organisateurs, elle pr\u00e9sente les caract\u00e9ristiques id\u00e9ales pour permettre une gestion ais\u00e9e de chaque \u00e9v\u00e9nement, structurer des activit\u00e9s originales qui perdurent dans le temps et atteindre d\u2019excellents r\u00e9sultats. Huesca offre une large gamme d\u2019activit\u00e9s culturelles et sportives, une grande vari\u00e9t\u00e9 de sites naturels et une gastronomie soign\u00e9e et de qualit\u00e9.<\/p>\n<p>Sur nos terres, les quatre \u00e9l\u00e9ments recouvrent un sens particulier dans la tr\u00e8s diversifi\u00e9e nature de Huesca : eau, terre, air et\u2026 neige. \u00c0 proximit\u00e9 de la capitale, diverses activit\u00e9s peuvent \u00eatre effectu\u00e9es pour profiter pleinement de l\u2019environnement naturel \u00e0 toutes \u00e9poques de l\u2019ann\u00e9e, avec la garantie que les activit\u00e9s attractives qui seront programm\u00e9es et les spectaculaires paysages contempl\u00e9s resteront \u00e0 jamais grav\u00e9s dans la m\u00e9moire des participants, et contribueront \u00e0 atteindre les objectifs fix\u00e9s par l\u2019organisateur.[\/vc_column_text][\/vc_column][vc_column width=\u00a0\u00bb1\/2&Prime;][vc_single_image image=\u00a0\u00bb2372&Prime; img_size=\u00a0\u00bblarge\u00a0\u00bb][\/vc_column][\/vc_row]<\/p>","protected":false},"excerpt":{"rendered":"<p>[vc_row css=\u00a0\u00bb.vc_custom_1480419831666{margin-bottom: 0px !important;padding-bottom: 0px !important;}\u00a0\u00bb][vc_column width=\u00a0\u00bb1\/2&Prime; css=\u00a0\u00bb.vc_custom_1480419823430{margin-bottom: 0px !important;padding-bottom: 0px !important;}\u00a0\u00bb][vc_column_text css=\u00a0\u00bb.vc_custom_1499240505365{margin-bottom: 0px !important;padding-bottom: 0px !important;}\u00a0\u00bb] Activit\u00e9s [\/vc_column_text][\/vc_column][vc_column width=\u00a0\u00bb1\/2&Prime;][\/vc_column][\/vc_row][vc_row][vc_column width=\u00a0\u00bb1\/2&Prime;][vc_column_text]Huesca appara\u00eet comme le prototype de<span class=\"excerpt-hellip\"> [\u2026]<\/span><\/p>\n","protected":false},"author":1,"featured_media":0,"parent":0,"menu_order":0,"comment_status":"closed","ping_status":"closed","template":"","meta":{"footnotes":""},"class_list":["post-2307","page","type-page","status-publish","hentry"],"_links":{"self":[{"href":"https:\/\/www.palaciocongresoshuesca.es\/fr\/wp-json\/wp\/v2\/pages\/2307","targetHints":{"allow":["GET"]}}],"collection":[{"href":"https:\/\/www.palaciocongresoshuesca.es\/fr\/wp-json\/wp\/v2\/pages"}],"about":[{"href":"https:\/\/www.palaciocongresoshuesca.es\/fr\/wp-json\/wp\/v2\/types\/page"}],"author":[{"embeddable":true,"href":"https:\/\/www.palaciocongresoshuesca.es\/fr\/wp-json\/wp\/v2\/users\/1"}],"replies":[{"embeddable":true,"href":"https:\/\/www.palaciocongresoshuesca.es\/fr\/wp-json\/wp\/v2\/comments?post=2307"}],"version-history":[{"count":5,"href":"https:\/\/www.palaciocongresoshuesca.es\/fr\/wp-json\/wp\/v2\/pages\/2307\/revisions"}],"predecessor-version":[{"id":4718,"href":"https:\/\/www.palaciocongresoshuesca.es\/fr\/wp-json\/wp\/v2\/pages\/2307\/revisions\/4718"}],"wp:attachment":[{"href":"https:\/\/www.palaciocongresoshuesca.es\/fr\/wp-json\/wp\/v2\/media?parent=2307"}],"curies":[{"name":"wp","href":"https:\/\/api.w.org\/{rel}","templated":true}]}}