{"id":2423,"date":"2016-11-29T12:30:17","date_gmt":"2016-11-29T12:30:17","guid":{"rendered":"http:\/\/www.palaciocongresoshuesca.es\/?page_id=2423"},"modified":"2017-07-05T11:53:56","modified_gmt":"2017-07-05T09:53:56","slug":"espacio-exterior-cubierto","status":"publish","type":"page","link":"https:\/\/www.palaciocongresoshuesca.es\/fr\/espacio-exterior-cubierto\/","title":{"rendered":"Espace Ext\u00e9rieur"},"content":{"rendered":"<p>[vc_row css=\u00a0\u00bb.vc_custom_1480506765207{margin-bottom: 0px !important;padding-bottom: 0px !important;}\u00a0\u00bb][vc_column width=\u00a0\u00bb1\/2&Prime;][vc_column_text css=\u00a0\u00bb.vc_custom_1499247968106{margin-bottom: 0px !important;padding-bottom: 0px !important;}\u00a0\u00bb]<\/p>\n<h1>Espace Ext\u00e9rieur<\/h1>\n<p><img loading=\"lazy\" decoding=\"async\" class=\"alignnone size-full wp-image-2356\" src=\"http:\/\/www.palaciocongresoshuesca.es\/wp-content\/uploads\/2016\/11\/separador-palacio-huesca-1.jpg\" alt=\"separador-palacio-huesca\" width=\"114\" height=\"17\" srcset=\"https:\/\/www.palaciocongresoshuesca.es\/wp-content\/uploads\/2016\/11\/separador-palacio-huesca-1.jpg 114w, https:\/\/www.palaciocongresoshuesca.es\/wp-content\/uploads\/2016\/11\/separador-palacio-huesca-1-50x7.jpg 50w\" sizes=\"auto, (max-width: 114px) 100vw, 114px\" \/>[\/vc_column_text][\/vc_column][vc_column width=\u00a0\u00bb1\/2&Prime;][\/vc_column][\/vc_row][vc_row][vc_column width=\u00a0\u00bb1\/2&Prime;][vc_column_text]Surface: 600 m\u00b2.<\/p>\n<p>Il peut \u00eatre annex\u00e9 \u00e0 la Salle d&rsquo;Exposition.[\/vc_column_text][\/vc_column][vc_column width=\u00a0\u00bb1\/2&Prime;][vc_single_image image=\u00a0\u00bb2542&Prime; img_size=\u00a0\u00bblarge\u00a0\u00bb][\/vc_column][\/vc_row][vc_row][vc_column][vc_gallery type=\u00a0\u00bbimage_grid\u00a0\u00bb images=\u00a0\u00bb2546,2547,2548,2549&Prime; img_size=\u00a0\u00bb200&#215;200&Prime;][\/vc_column][\/vc_row]<\/p>","protected":false},"excerpt":{"rendered":"<p>[vc_row css=\u00a0\u00bb.vc_custom_1480506765207{margin-bottom: 0px !important;padding-bottom: 0px !important;}\u00a0\u00bb][vc_column width=\u00a0\u00bb1\/2&Prime;][vc_column_text css=\u00a0\u00bb.vc_custom_1499247968106{margin-bottom: 0px !important;padding-bottom: 0px !important;}\u00a0\u00bb] Espace Ext\u00e9rieur [\/vc_column_text][\/vc_column][vc_column width=\u00a0\u00bb1\/2&Prime;][\/vc_column][\/vc_row][vc_row][vc_column width=\u00a0\u00bb1\/2&Prime;][vc_column_text]Surface: 600 m\u00b2. Il peut \u00eatre annex\u00e9 \u00e0 la Salle<span class=\"excerpt-hellip\"> [\u2026]<\/span><\/p>\n","protected":false},"author":1,"featured_media":0,"parent":0,"menu_order":0,"comment_status":"closed","ping_status":"closed","template":"","meta":{"footnotes":""},"class_list":["post-2423","page","type-page","status-publish","hentry"],"_links":{"self":[{"href":"https:\/\/www.palaciocongresoshuesca.es\/fr\/wp-json\/wp\/v2\/pages\/2423","targetHints":{"allow":["GET"]}}],"collection":[{"href":"https:\/\/www.palaciocongresoshuesca.es\/fr\/wp-json\/wp\/v2\/pages"}],"about":[{"href":"https:\/\/www.palaciocongresoshuesca.es\/fr\/wp-json\/wp\/v2\/types\/page"}],"author":[{"embeddable":true,"href":"https:\/\/www.palaciocongresoshuesca.es\/fr\/wp-json\/wp\/v2\/users\/1"}],"replies":[{"embeddable":true,"href":"https:\/\/www.palaciocongresoshuesca.es\/fr\/wp-json\/wp\/v2\/comments?post=2423"}],"version-history":[{"count":5,"href":"https:\/\/www.palaciocongresoshuesca.es\/fr\/wp-json\/wp\/v2\/pages\/2423\/revisions"}],"predecessor-version":[{"id":4725,"href":"https:\/\/www.palaciocongresoshuesca.es\/fr\/wp-json\/wp\/v2\/pages\/2423\/revisions\/4725"}],"wp:attachment":[{"href":"https:\/\/www.palaciocongresoshuesca.es\/fr\/wp-json\/wp\/v2\/media?parent=2423"}],"curies":[{"name":"wp","href":"https:\/\/api.w.org\/{rel}","templated":true}]}}