{"id":2428,"date":"2016-11-29T12:30:58","date_gmt":"2016-11-29T12:30:58","guid":{"rendered":"http:\/\/www.palaciocongresoshuesca.es\/?page_id=2428"},"modified":"2023-10-09T10:28:55","modified_gmt":"2023-10-09T08:28:55","slug":"salas-de-ponencias","status":"publish","type":"page","link":"https:\/\/www.palaciocongresoshuesca.es\/fr\/salas-de-ponencias\/","title":{"rendered":"Salle des Conf\u00e9rences"},"content":{"rendered":"<p>[vc_row css=\u00a0\u00bb.vc_custom_1480506704692{margin-bottom: 0px !important;padding-bottom: 0px !important;}\u00a0\u00bb][vc_column width=\u00a0\u00bb1\/2&Prime; css=\u00a0\u00bb.vc_custom_1480506687542{margin-bottom: 0px !important;padding-bottom: 0px !important;}\u00a0\u00bb][vc_column_text css=\u00a0\u00bb.vc_custom_1499252573382{margin-bottom: 0px !important;padding-bottom: 0px !important;}\u00a0\u00bb]<\/p>\n<h1>Salle des Conf\u00e9rences<\/h1>\n<p><img loading=\"lazy\" decoding=\"async\" class=\"alignnone size-full wp-image-2356\" src=\"http:\/\/www.palaciocongresoshuesca.es\/wp-content\/uploads\/2016\/11\/separador-palacio-huesca-1.jpg\" alt=\"separador-palacio-huesca\" width=\"114\" height=\"17\" srcset=\"https:\/\/www.palaciocongresoshuesca.es\/wp-content\/uploads\/2016\/11\/separador-palacio-huesca-1.jpg 114w, https:\/\/www.palaciocongresoshuesca.es\/wp-content\/uploads\/2016\/11\/separador-palacio-huesca-1-50x7.jpg 50w\" sizes=\"auto, (max-width: 114px) 100vw, 114px\" \/>[\/vc_column_text][\/vc_column][vc_column width=\u00a0\u00bb1\/2&Prime;][\/vc_column][\/vc_row][vc_row][vc_column width=\u00a0\u00bb1\/2&Prime;][vc_column_text]El Palacio de Congresos dispone de tres <strong>Salas de Ponencias<\/strong>, cada una con una superficie de 240 m\u00b2.<br \/>\nEstas salas, compartimentadas mediante paneles m\u00f3viles, permiten una configuraci\u00f3n distinta del espacio y dependiendo de las necesidades de utilizaci\u00f3n se puede disponer de una, dos o tres salas de ponencias con total independencia y confidencialidad debido al aislamiento ac\u00fastico conseguido entre los diferentes espacios creados.<\/p>\n<p>Equipamiento de cada una de las tres salas:<\/p>\n<ul>\n<li>Proyector de video-datos de 2600 l\u00famenes<\/li>\n<li>Pantalla de proyecci\u00f3n de 2,7 x 2 m.<\/li>\n<\/ul>\n<p>Capacidades:<\/p>\n<ul>\n<li>Simple: Teatro 80 pax \/ Escuela 50 pax<\/li>\n<li>Doble: Teatro 160 pax \/ Escuela 100 pax<\/li>\n<li>Triple: Teatro 240 pax \/ Escuela 150 pax<\/li>\n<\/ul>\n<p>[\/vc_column_text][\/vc_column][vc_column width=\u00a0\u00bb1\/2&Prime;][vc_single_image image=\u00a0\u00bb2566&Prime; img_size=\u00a0\u00bblarge\u00a0\u00bb][\/vc_column][\/vc_row][vc_row][vc_column][vc_gallery type=\u00a0\u00bbimage_grid\u00a0\u00bb images=\u00a0\u00bb2568,2569,2570,2571&Prime; img_size=\u00a0\u00bb200&#215;200&Prime;][\/vc_column][\/vc_row]<\/p>","protected":false},"excerpt":{"rendered":"<p>[vc_row css=\u00a0\u00bb.vc_custom_1480506704692{margin-bottom: 0px !important;padding-bottom: 0px !important;}\u00a0\u00bb][vc_column width=\u00a0\u00bb1\/2&Prime; css=\u00a0\u00bb.vc_custom_1480506687542{margin-bottom: 0px !important;padding-bottom: 0px !important;}\u00a0\u00bb][vc_column_text css=\u00a0\u00bb.vc_custom_1499252573382{margin-bottom: 0px !important;padding-bottom: 0px !important;}\u00a0\u00bb] Salle des Conf\u00e9rences [\/vc_column_text][\/vc_column][vc_column width=\u00a0\u00bb1\/2&Prime;][\/vc_column][\/vc_row][vc_row][vc_column width=\u00a0\u00bb1\/2&Prime;][vc_column_text]El Palacio de Congresos<span class=\"excerpt-hellip\"> [\u2026]<\/span><\/p>\n","protected":false},"author":1,"featured_media":0,"parent":0,"menu_order":0,"comment_status":"closed","ping_status":"closed","template":"","meta":{"footnotes":""},"class_list":["post-2428","page","type-page","status-publish","hentry"],"_links":{"self":[{"href":"https:\/\/www.palaciocongresoshuesca.es\/fr\/wp-json\/wp\/v2\/pages\/2428","targetHints":{"allow":["GET"]}}],"collection":[{"href":"https:\/\/www.palaciocongresoshuesca.es\/fr\/wp-json\/wp\/v2\/pages"}],"about":[{"href":"https:\/\/www.palaciocongresoshuesca.es\/fr\/wp-json\/wp\/v2\/types\/page"}],"author":[{"embeddable":true,"href":"https:\/\/www.palaciocongresoshuesca.es\/fr\/wp-json\/wp\/v2\/users\/1"}],"replies":[{"embeddable":true,"href":"https:\/\/www.palaciocongresoshuesca.es\/fr\/wp-json\/wp\/v2\/comments?post=2428"}],"version-history":[{"count":6,"href":"https:\/\/www.palaciocongresoshuesca.es\/fr\/wp-json\/wp\/v2\/pages\/2428\/revisions"}],"predecessor-version":[{"id":7915,"href":"https:\/\/www.palaciocongresoshuesca.es\/fr\/wp-json\/wp\/v2\/pages\/2428\/revisions\/7915"}],"wp:attachment":[{"href":"https:\/\/www.palaciocongresoshuesca.es\/fr\/wp-json\/wp\/v2\/media?parent=2428"}],"curies":[{"name":"wp","href":"https:\/\/api.w.org\/{rel}","templated":true}]}}