{"id":4593,"date":"2017-06-26T13:07:42","date_gmt":"2017-06-26T11:07:42","guid":{"rendered":"http:\/\/www.palaciocongresoshuesca.es\/?page_id=4593"},"modified":"2018-02-12T12:26:06","modified_gmt":"2018-02-12T10:26:06","slug":"arquitectura-del-palacio","status":"publish","type":"page","link":"https:\/\/www.palaciocongresoshuesca.es\/fr\/arquitectura-del-palacio\/","title":{"rendered":"L&rsquo;architecture du Palais"},"content":{"rendered":"<p>[vc_row][vc_column][vc_single_image image=\u00a0\u00bb4594&Prime; img_size=\u00a0\u00bbfull\u00a0\u00bb alignment=\u00a0\u00bbcenter\u00a0\u00bb][vc_column_text]El Palacio de Congresos de Huesca fue inaugurado el 3 de julio de 2008.<\/p>\n<p>Es un edificio polivalente que est\u00e1 preparado para acoger congresos, convenciones, ferias, exposiciones, actos culturales, ruedas de prensa, almuerzos de trabajo, coffee breaks, as\u00ed como grandes espect\u00e1culos esc\u00e9nicos.<\/p>\n<p>Cuenta con amplios espacios de exposici\u00f3n, varias salas para trabajos de comisi\u00f3n y un auditorio con capacidad para 782 personas.<\/p>\n<p>La fachada del Palacio de Congresos, construida en favet\u00f3n negro metalizado, ofrece durante el d\u00eda diferentes matices de color. Por la noche, los leds envueltos en piezas de alabastro que se distribuyen por todo el exterior, simulan constelaciones iluminadas al tiempo que se enciende la caja esc\u00e9nica, construida en vidrio tallado, a modo de faro.[\/vc_column_text][\/vc_column][\/vc_row]<\/p>\n","protected":false},"excerpt":{"rendered":"<p>[vc_row][vc_column][vc_single_image image=\u00a0\u00bb4594&Prime; img_size=\u00a0\u00bbfull\u00a0\u00bb alignment=\u00a0\u00bbcenter\u00a0\u00bb][vc_column_text]El Palacio de Congresos de Huesca fue inaugurado el 3 de julio de 2008. Es un edificio polivalente que est\u00e1 preparado para acoger<span class=\"excerpt-hellip\"> [\u2026]<\/span><\/p>\n","protected":false},"author":1,"featured_media":4594,"parent":0,"menu_order":0,"comment_status":"closed","ping_status":"closed","template":"","meta":{"footnotes":""},"class_list":["post-4593","page","type-page","status-publish","has-post-thumbnail","hentry"],"_links":{"self":[{"href":"https:\/\/www.palaciocongresoshuesca.es\/fr\/wp-json\/wp\/v2\/pages\/4593","targetHints":{"allow":["GET"]}}],"collection":[{"href":"https:\/\/www.palaciocongresoshuesca.es\/fr\/wp-json\/wp\/v2\/pages"}],"about":[{"href":"https:\/\/www.palaciocongresoshuesca.es\/fr\/wp-json\/wp\/v2\/types\/page"}],"author":[{"embeddable":true,"href":"https:\/\/www.palaciocongresoshuesca.es\/fr\/wp-json\/wp\/v2\/users\/1"}],"replies":[{"embeddable":true,"href":"https:\/\/www.palaciocongresoshuesca.es\/fr\/wp-json\/wp\/v2\/comments?post=4593"}],"version-history":[{"count":3,"href":"https:\/\/www.palaciocongresoshuesca.es\/fr\/wp-json\/wp\/v2\/pages\/4593\/revisions"}],"predecessor-version":[{"id":5268,"href":"https:\/\/www.palaciocongresoshuesca.es\/fr\/wp-json\/wp\/v2\/pages\/4593\/revisions\/5268"}],"wp:featuredmedia":[{"embeddable":true,"href":"https:\/\/www.palaciocongresoshuesca.es\/fr\/wp-json\/wp\/v2\/media\/4594"}],"wp:attachment":[{"href":"https:\/\/www.palaciocongresoshuesca.es\/fr\/wp-json\/wp\/v2\/media?parent=4593"}],"curies":[{"name":"wp","href":"https:\/\/api.w.org\/{rel}","templated":true}]}}