{"id":4599,"date":"2024-07-04T15:02:48","date_gmt":"2024-07-04T13:02:48","guid":{"rendered":"http:\/\/www.palaciocongresoshuesca.es\/?page_id=4599"},"modified":"2024-07-05T10:56:25","modified_gmt":"2024-07-05T08:56:25","slug":"tren-oficial-de-los-congresos","status":"publish","type":"page","link":"https:\/\/www.palaciocongresoshuesca.es\/fr\/tren-oficial-de-los-congresos\/","title":{"rendered":"Train Officiel des Congr\u00e8s"},"content":{"rendered":"<p>[vc_row][vc_column][vc_single_image image=\u00a0\u00bb8203&Prime; img_size=\u00a0\u00bbfull\u00a0\u00bb alignment=\u00a0\u00bbcenter\u00a0\u00bb][vc_column_text]L&rsquo;accord sign\u00e9 entre la Mairie de Huesca et Renfe promeut l&rsquo;utilisation du transport ferroviaire de Renfe comme l&rsquo;option pr\u00e9f\u00e9r\u00e9e pour se rendre aux congr\u00e8s.<br \/>\nNous vous invitons \u00e0 nous contacter pour g\u00e9rer votre demande.<\/p>\n<p><strong>Tarifs sp\u00e9ciaux pour les participants<\/strong><\/p>\n<p>Dans le cadre de cette collaboration, Renfe offrira aux participants inscrits aux congr\u00e8s \u00e0 Huesca une r\u00e9duction de 10 % sur le prix des billets de train AVE ou Longue Distance \u00e0 destination de Huesca ou Saragosse. Cette r\u00e9duction est valable pour des voyages allant de deux jours avant le d\u00e9but du congr\u00e8s jusqu&rsquo;\u00e0 deux jours apr\u00e8s la date de cl\u00f4ture.[\/vc_column_text][\/vc_column][\/vc_row][vc_row][vc_column][vc_btn title=\u00a0\u00bbrenfe.com\u00a0\u00bb link=\u00a0\u00bburl:https%3A%2F%2Fwww.renfe.com%2Fes%2Fes%2Fviajar%2Fprepara-tu-viaje%2Fdescuentos%2Fcongresos-y-eventos|||\u00a0\u00bb][\/vc_column][\/vc_row]<\/p>","protected":false},"excerpt":{"rendered":"<p>[vc_row][vc_column][vc_single_image image=\u00a0\u00bb8203&Prime; img_size=\u00a0\u00bbfull\u00a0\u00bb alignment=\u00a0\u00bbcenter\u00a0\u00bb][vc_column_text]L&rsquo;accord sign\u00e9 entre la Mairie de Huesca et Renfe promeut l&rsquo;utilisation du transport ferroviaire de Renfe comme l&rsquo;option pr\u00e9f\u00e9r\u00e9e pour se rendre aux<span class=\"excerpt-hellip\"> [\u2026]<\/span><\/p>\n","protected":false},"author":1,"featured_media":8203,"parent":0,"menu_order":0,"comment_status":"closed","ping_status":"closed","template":"","meta":{"footnotes":""},"class_list":["post-4599","page","type-page","status-publish","has-post-thumbnail","hentry"],"_links":{"self":[{"href":"https:\/\/www.palaciocongresoshuesca.es\/fr\/wp-json\/wp\/v2\/pages\/4599","targetHints":{"allow":["GET"]}}],"collection":[{"href":"https:\/\/www.palaciocongresoshuesca.es\/fr\/wp-json\/wp\/v2\/pages"}],"about":[{"href":"https:\/\/www.palaciocongresoshuesca.es\/fr\/wp-json\/wp\/v2\/types\/page"}],"author":[{"embeddable":true,"href":"https:\/\/www.palaciocongresoshuesca.es\/fr\/wp-json\/wp\/v2\/users\/1"}],"replies":[{"embeddable":true,"href":"https:\/\/www.palaciocongresoshuesca.es\/fr\/wp-json\/wp\/v2\/comments?post=4599"}],"version-history":[{"count":15,"href":"https:\/\/www.palaciocongresoshuesca.es\/fr\/wp-json\/wp\/v2\/pages\/4599\/revisions"}],"predecessor-version":[{"id":8212,"href":"https:\/\/www.palaciocongresoshuesca.es\/fr\/wp-json\/wp\/v2\/pages\/4599\/revisions\/8212"}],"wp:featuredmedia":[{"embeddable":true,"href":"https:\/\/www.palaciocongresoshuesca.es\/fr\/wp-json\/wp\/v2\/media\/8203"}],"wp:attachment":[{"href":"https:\/\/www.palaciocongresoshuesca.es\/fr\/wp-json\/wp\/v2\/media?parent=4599"}],"curies":[{"name":"wp","href":"https:\/\/api.w.org\/{rel}","templated":true}]}}